{"id":361,"date":"2025-05-05T16:49:25","date_gmt":"2025-05-05T19:49:25","guid":{"rendered":"https:\/\/loopindustrial.com.br\/?post_type=product&#038;p=361"},"modified":"2025-05-26T16:03:24","modified_gmt":"2025-05-26T19:03:24","slug":"chicote-de-escareacao-marques-da-costa","status":"publish","type":"product","link":"https:\/\/loopindustrial.com.br\/index.php\/produto\/chicote-de-escareacao-marques-da-costa\/","title":{"rendered":"CHICOTE DE ESCAREA\u00c7\u00c3O MARQUES DA COSTA"},"content":{"rendered":"<p>O chicote de escarear\u00e3o\u00a0 \u00e9 utilizado para escarear pneus e reparar todos os cortes e danos encontrados nas carca\u00e7as para posteriores processos de conserto.<\/p>\n","protected":false},"excerpt":{"rendered":"<p>O chicote de escarear\u00e3o\u00a0 \u00e9 utilizado para escarear pneus e reparar todos os cortes e danos encontrados nas carca\u00e7as para posteriores processos de conserto.<\/p>\n","protected":false},"featured_media":362,"comment_status":"closed","ping_status":"closed","template":"","meta":[],"product_brand":[],"product_cat":[17,18],"product_tag":[],"class_list":{"0":"post-361","1":"product","2":"type-product","3":"status-publish","4":"has-post-thumbnail","6":"product_cat-borracharia","7":"product_cat-recapagem","9":"first","10":"instock","11":"shipping-taxable","12":"product-type-simple"},"_links":{"self":[{"href":"https:\/\/loopindustrial.com.br\/index.php\/wp-json\/wp\/v2\/product\/361","targetHints":{"allow":["GET"]}}],"collection":[{"href":"https:\/\/loopindustrial.com.br\/index.php\/wp-json\/wp\/v2\/product"}],"about":[{"href":"https:\/\/loopindustrial.com.br\/index.php\/wp-json\/wp\/v2\/types\/product"}],"replies":[{"embeddable":true,"href":"https:\/\/loopindustrial.com.br\/index.php\/wp-json\/wp\/v2\/comments?post=361"}],"wp:featuredmedia":[{"embeddable":true,"href":"https:\/\/loopindustrial.com.br\/index.php\/wp-json\/wp\/v2\/media\/362"}],"wp:attachment":[{"href":"https:\/\/loopindustrial.com.br\/index.php\/wp-json\/wp\/v2\/media?parent=361"}],"wp:term":[{"taxonomy":"product_brand","embeddable":true,"href":"https:\/\/loopindustrial.com.br\/index.php\/wp-json\/wp\/v2\/product_brand?post=361"},{"taxonomy":"product_cat","embeddable":true,"href":"https:\/\/loopindustrial.com.br\/index.php\/wp-json\/wp\/v2\/product_cat?post=361"},{"taxonomy":"product_tag","embeddable":true,"href":"https:\/\/loopindustrial.com.br\/index.php\/wp-json\/wp\/v2\/product_tag?post=361"}],"curies":[{"name":"wp","href":"https:\/\/api.w.org\/{rel}","templated":true}]}}