{"id":67,"date":"2024-11-11T18:58:35","date_gmt":"2024-11-11T21:58:35","guid":{"rendered":"https:\/\/loopindustrial.com.br\/?page_id=67"},"modified":"2024-11-22T16:38:30","modified_gmt":"2024-11-22T19:38:30","slug":"borracharia","status":"publish","type":"page","link":"https:\/\/loopindustrial.com.br\/index.php\/borracharia\/","title":{"rendered":"BORRACHARIA"},"content":{"rendered":"\t\t<div data-elementor-type=\"wp-page\" data-elementor-id=\"67\" class=\"elementor elementor-67\" data-elementor-post-type=\"page\">\n\t\t\t\t<div class=\"elementor-element elementor-element-6590a39 e-flex e-con-boxed e-con e-parent\" data-id=\"6590a39\" data-element_type=\"container\" data-e-type=\"container\">\n\t\t\t\t\t<div class=\"e-con-inner\">\n\t\t\t\t<div class=\"elementor-element elementor-element-81f92df elementor-product-loop-item--align-center elementor-grid-4 elementor-grid-tablet-3 elementor-grid-mobile-2 elementor-products-grid elementor-wc-products elementor-widget elementor-widget-woocommerce-products\" data-id=\"81f92df\" data-element_type=\"widget\" data-e-type=\"widget\" data-widget_type=\"woocommerce-products.default\">\n\t\t\t\t<div class=\"elementor-widget-container\">\n\t\t\t\t\t<div class=\"woocommerce columns-4 \"><ul class=\"products elementor-grid columns-4\">\n<li class=\"product type-product post-388 status-publish first instock product_cat-borracharia has-post-thumbnail shipping-taxable product-type-simple\">\n\t<a href=\"https:\/\/loopindustrial.com.br\/index.php\/produto\/abridor-de-pneus-portatil-pneumatico-linha-pesada\/\" class=\"woocommerce-LoopProduct-link woocommerce-loop-product__link\"><img fetchpriority=\"high\" decoding=\"async\" width=\"300\" height=\"300\" src=\"https:\/\/loopindustrial.com.br\/wp-content\/uploads\/2024\/11\/em-construcao-300x300.jpg\" class=\"attachment-woocommerce_thumbnail size-woocommerce_thumbnail\" alt=\"ABRIDOR DE PNEUS PORT\u00c1TIL PNEUM\u00c1TICO LINHA PESADA\" srcset=\"https:\/\/loopindustrial.com.br\/wp-content\/uploads\/2024\/11\/em-construcao-300x300.jpg 300w, https:\/\/loopindustrial.com.br\/wp-content\/uploads\/2024\/11\/em-construcao-150x150.jpg 150w, https:\/\/loopindustrial.com.br\/wp-content\/uploads\/2024\/11\/em-construcao-100x100.jpg 100w\" sizes=\"(max-width: 300px) 100vw, 300px\" \/><h2 class=\"woocommerce-loop-product__title\">ABRIDOR DE PNEUS PORT\u00c1TIL PNEUM\u00c1TICO LINHA PESADA<\/h2>\n<\/a>\t\t<a id=\"sendbtn\" href=\"https:\/\/web.whatsapp.com\/send?phone=5551994554334&text=Ol%C3%A1%2C%20quero%20comprar%0D%0A%0D%0A%2AABRIDOR%20DE%20PNEUS%20PORT%C3%81TIL%20PNEUM%C3%81TICO%20LINHA%20PESADA%2A%0A%2AURL%3A%2A%20https%3A%2F%2Floopindustrial.com.br%2Findex.php%2Fproduto%2Fabridor-de-pneus-portatil-pneumatico-linha-pesada%2F%0D%0A%0D%0AObrigado&app_absent=0\" title=\"Complete order on WhatsApp to buy ABRIDOR DE PNEUS PORT\u00c1TIL PNEUM\u00c1TICO LINHA PESADA\" target=\"\" class=\"button add_to_cart_button wa-shop-button product_type_simple\">\r\n\t\t\tPe\u00e7a via Whatsapp\t\t<\/a>\r\n\t<\/li>\n<li class=\"product type-product post-387 status-publish instock product_cat-borracharia has-post-thumbnail shipping-taxable product-type-simple\">\n\t<a href=\"https:\/\/loopindustrial.com.br\/index.php\/produto\/abridor-de-pneus-pneumatico-linha-pesada\/\" class=\"woocommerce-LoopProduct-link woocommerce-loop-product__link\"><img decoding=\"async\" width=\"300\" height=\"300\" src=\"https:\/\/loopindustrial.com.br\/wp-content\/uploads\/2024\/11\/em-construcao-300x300.jpg\" class=\"attachment-woocommerce_thumbnail size-woocommerce_thumbnail\" alt=\"ABRIDOR DE PNEUS PNEUM\u00c1TICO LINHA PESADA\" srcset=\"https:\/\/loopindustrial.com.br\/wp-content\/uploads\/2024\/11\/em-construcao-300x300.jpg 300w, https:\/\/loopindustrial.com.br\/wp-content\/uploads\/2024\/11\/em-construcao-150x150.jpg 150w, https:\/\/loopindustrial.com.br\/wp-content\/uploads\/2024\/11\/em-construcao-100x100.jpg 100w\" sizes=\"(max-width: 300px) 100vw, 300px\" \/><h2 class=\"woocommerce-loop-product__title\">ABRIDOR DE PNEUS PNEUM\u00c1TICO LINHA PESADA<\/h2>\n<\/a>\t\t<a id=\"sendbtn\" href=\"https:\/\/web.whatsapp.com\/send?phone=5551994554334&text=Ol%C3%A1%2C%20quero%20comprar%0D%0A%0D%0A%2AABRIDOR%20DE%20PNEUS%20PNEUM%C3%81TICO%20LINHA%20PESADA%2A%0A%2AURL%3A%2A%20https%3A%2F%2Floopindustrial.com.br%2Findex.php%2Fproduto%2Fabridor-de-pneus-pneumatico-linha-pesada%2F%0D%0A%0D%0AObrigado&app_absent=0\" title=\"Complete order on WhatsApp to buy ABRIDOR DE PNEUS PNEUM\u00c1TICO LINHA PESADA\" target=\"\" class=\"button add_to_cart_button wa-shop-button product_type_simple\">\r\n\t\t\tPe\u00e7a via Whatsapp\t\t<\/a>\r\n\t<\/li>\n<li class=\"product type-product post-384 status-publish instock product_cat-borracharia has-post-thumbnail shipping-taxable product-type-simple\">\n\t<a href=\"https:\/\/loopindustrial.com.br\/index.php\/produto\/chicote-de-escareacao-loop\/\" class=\"woocommerce-LoopProduct-link woocommerce-loop-product__link\"><img decoding=\"async\" width=\"300\" height=\"300\" src=\"https:\/\/loopindustrial.com.br\/wp-content\/uploads\/2024\/11\/Captura-de-tela-2024-11-22-143336-300x300.png\" class=\"attachment-woocommerce_thumbnail size-woocommerce_thumbnail\" alt=\"CHICOTE DE ESCAREA\u00c7\u00c3O LOOP\" srcset=\"https:\/\/loopindustrial.com.br\/wp-content\/uploads\/2024\/11\/Captura-de-tela-2024-11-22-143336-300x300.png 300w, https:\/\/loopindustrial.com.br\/wp-content\/uploads\/2024\/11\/Captura-de-tela-2024-11-22-143336-150x150.png 150w, https:\/\/loopindustrial.com.br\/wp-content\/uploads\/2024\/11\/Captura-de-tela-2024-11-22-143336-100x100.png 100w\" sizes=\"(max-width: 300px) 100vw, 300px\" \/><h2 class=\"woocommerce-loop-product__title\">CHICOTE DE ESCAREA\u00c7\u00c3O LOOP<\/h2>\n<\/a>\t\t<a id=\"sendbtn\" href=\"https:\/\/web.whatsapp.com\/send?phone=5551994554334&text=Ol%C3%A1%2C%20quero%20comprar%0D%0A%0D%0A%2ACHICOTE%20DE%20ESCAREA%C3%87%C3%83O%20LOOP%2A%0A%2AURL%3A%2A%20https%3A%2F%2Floopindustrial.com.br%2Findex.php%2Fproduto%2Fchicote-de-escareacao-loop%2F%0D%0A%0D%0AObrigado&app_absent=0\" title=\"Complete order on WhatsApp to buy CHICOTE DE ESCAREA\u00c7\u00c3O LOOP\" target=\"\" class=\"button add_to_cart_button wa-shop-button product_type_simple\">\r\n\t\t\tPe\u00e7a via Whatsapp\t\t<\/a>\r\n\t<\/li>\n<li class=\"product type-product post-351 status-publish last instock product_cat-borracharia has-post-thumbnail shipping-taxable product-type-simple\">\n\t<a href=\"https:\/\/loopindustrial.com.br\/index.php\/produto\/chicote-de-escareacao-2\/\" class=\"woocommerce-LoopProduct-link woocommerce-loop-product__link\"><img loading=\"lazy\" decoding=\"async\" width=\"300\" height=\"300\" src=\"https:\/\/loopindustrial.com.br\/wp-content\/uploads\/2024\/12\/chicote-300x300.jpg\" class=\"attachment-woocommerce_thumbnail size-woocommerce_thumbnail\" alt=\"ACESS\u00d3RIOS PARA LINHA DE ESCAREA\u00c7\u00c3O\" srcset=\"https:\/\/loopindustrial.com.br\/wp-content\/uploads\/2024\/12\/chicote-300x300.jpg 300w, https:\/\/loopindustrial.com.br\/wp-content\/uploads\/2024\/12\/chicote-1024x1024.jpg 1024w, https:\/\/loopindustrial.com.br\/wp-content\/uploads\/2024\/12\/chicote-150x150.jpg 150w, https:\/\/loopindustrial.com.br\/wp-content\/uploads\/2024\/12\/chicote-768x768.jpg 768w, https:\/\/loopindustrial.com.br\/wp-content\/uploads\/2024\/12\/chicote-600x600.jpg 600w, https:\/\/loopindustrial.com.br\/wp-content\/uploads\/2024\/12\/chicote-100x100.jpg 100w, https:\/\/loopindustrial.com.br\/wp-content\/uploads\/2024\/12\/chicote.jpg 1080w\" sizes=\"(max-width: 300px) 100vw, 300px\" \/><h2 class=\"woocommerce-loop-product__title\">ACESS\u00d3RIOS PARA LINHA DE ESCAREA\u00c7\u00c3O<\/h2>\n<\/a>\t\t<a id=\"sendbtn\" href=\"https:\/\/web.whatsapp.com\/send?phone=5551994554334&text=Ol%C3%A1%2C%20quero%20comprar%0D%0A%0D%0A%2AACESS%C3%93RIOS%20PARA%20LINHA%20DE%20ESCAREA%C3%87%C3%83O%2A%0A%2AURL%3A%2A%20https%3A%2F%2Floopindustrial.com.br%2Findex.php%2Fproduto%2Fchicote-de-escareacao-2%2F%0D%0A%0D%0AObrigado&app_absent=0\" title=\"Complete order on WhatsApp to buy ACESS\u00d3RIOS PARA LINHA DE ESCAREA\u00c7\u00c3O\" target=\"\" class=\"button add_to_cart_button wa-shop-button product_type_simple\">\r\n\t\t\tPe\u00e7a via Whatsapp\t\t<\/a>\r\n\t<\/li>\n<li class=\"product type-product post-312 status-publish first instock product_cat-borracharia has-post-thumbnail shipping-taxable product-type-simple\">\n\t<a href=\"https:\/\/loopindustrial.com.br\/index.php\/produto\/assentador-de-talao\/\" class=\"woocommerce-LoopProduct-link woocommerce-loop-product__link\"><img loading=\"lazy\" decoding=\"async\" width=\"300\" height=\"300\" src=\"https:\/\/loopindustrial.com.br\/wp-content\/uploads\/2024\/11\/assentador-de-talao-300x300.jpg\" class=\"attachment-woocommerce_thumbnail size-woocommerce_thumbnail\" alt=\"ASSENTADOR DE TAL\u00c3O\" srcset=\"https:\/\/loopindustrial.com.br\/wp-content\/uploads\/2024\/11\/assentador-de-talao-300x300.jpg 300w, https:\/\/loopindustrial.com.br\/wp-content\/uploads\/2024\/11\/assentador-de-talao-150x150.jpg 150w, https:\/\/loopindustrial.com.br\/wp-content\/uploads\/2024\/11\/assentador-de-talao-100x100.jpg 100w\" sizes=\"(max-width: 300px) 100vw, 300px\" \/><h2 class=\"woocommerce-loop-product__title\">ASSENTADOR DE TAL\u00c3O<\/h2>\n<\/a>\t\t<a id=\"sendbtn\" href=\"https:\/\/web.whatsapp.com\/send?phone=5551994554334&text=Ol%C3%A1%2C%20quero%20comprar%0D%0A%0D%0A%2AASSENTADOR%20DE%20TAL%C3%83O%2A%0A%2AURL%3A%2A%20https%3A%2F%2Floopindustrial.com.br%2Findex.php%2Fproduto%2Fassentador-de-talao%2F%0D%0A%0D%0AObrigado&app_absent=0\" title=\"Complete order on WhatsApp to buy ASSENTADOR DE TAL\u00c3O\" target=\"\" class=\"button add_to_cart_button wa-shop-button product_type_simple\">\r\n\t\t\tPe\u00e7a via Whatsapp\t\t<\/a>\r\n\t<\/li>\n<li class=\"product type-product post-310 status-publish instock product_cat-borracharia has-post-thumbnail shipping-taxable product-type-simple\">\n\t<a href=\"https:\/\/loopindustrial.com.br\/index.php\/produto\/destalonador-de-pneus-de-carga\/\" class=\"woocommerce-LoopProduct-link woocommerce-loop-product__link\"><img loading=\"lazy\" decoding=\"async\" width=\"300\" height=\"300\" src=\"https:\/\/loopindustrial.com.br\/wp-content\/uploads\/2024\/11\/Captura-de-tela-2024-11-22-144305-300x300.png\" class=\"attachment-woocommerce_thumbnail size-woocommerce_thumbnail\" alt=\"DESTALONADOR DE PNEUS DE CARGA\" srcset=\"https:\/\/loopindustrial.com.br\/wp-content\/uploads\/2024\/11\/Captura-de-tela-2024-11-22-144305-300x300.png 300w, https:\/\/loopindustrial.com.br\/wp-content\/uploads\/2024\/11\/Captura-de-tela-2024-11-22-144305-150x150.png 150w, https:\/\/loopindustrial.com.br\/wp-content\/uploads\/2024\/11\/Captura-de-tela-2024-11-22-144305-100x100.png 100w\" sizes=\"(max-width: 300px) 100vw, 300px\" \/><h2 class=\"woocommerce-loop-product__title\">DESTALONADOR DE PNEUS DE CARGA<\/h2>\n<\/a>\t\t<a id=\"sendbtn\" href=\"https:\/\/web.whatsapp.com\/send?phone=5551994554334&text=Ol%C3%A1%2C%20quero%20comprar%0D%0A%0D%0A%2ADESTALONADOR%20DE%20PNEUS%20DE%20CARGA%2A%0A%2AURL%3A%2A%20https%3A%2F%2Floopindustrial.com.br%2Findex.php%2Fproduto%2Fdestalonador-de-pneus-de-carga%2F%0D%0A%0D%0AObrigado&app_absent=0\" title=\"Complete order on WhatsApp to buy DESTALONADOR DE PNEUS DE CARGA\" target=\"\" class=\"button add_to_cart_button wa-shop-button product_type_simple\">\r\n\t\t\tPe\u00e7a via Whatsapp\t\t<\/a>\r\n\t<\/li>\n<li class=\"product type-product post-308 status-publish instock product_cat-borracharia has-post-thumbnail shipping-taxable product-type-simple\">\n\t<a href=\"https:\/\/loopindustrial.com.br\/index.php\/produto\/abridor-de-pneus-pneumatico\/\" class=\"woocommerce-LoopProduct-link woocommerce-loop-product__link\"><img loading=\"lazy\" decoding=\"async\" width=\"300\" height=\"300\" src=\"https:\/\/loopindustrial.com.br\/wp-content\/uploads\/2024\/11\/em-construcao-300x300.jpg\" class=\"attachment-woocommerce_thumbnail size-woocommerce_thumbnail\" alt=\"ABRIDOR DE PNEUS PNEUM\u00c1TICO LINHA LEVE E INTERMEDI\u00c1RIA\" srcset=\"https:\/\/loopindustrial.com.br\/wp-content\/uploads\/2024\/11\/em-construcao-300x300.jpg 300w, https:\/\/loopindustrial.com.br\/wp-content\/uploads\/2024\/11\/em-construcao-150x150.jpg 150w, https:\/\/loopindustrial.com.br\/wp-content\/uploads\/2024\/11\/em-construcao-100x100.jpg 100w\" sizes=\"(max-width: 300px) 100vw, 300px\" \/><h2 class=\"woocommerce-loop-product__title\">ABRIDOR DE PNEUS PNEUM\u00c1TICO LINHA LEVE E INTERMEDI\u00c1RIA<\/h2>\n<\/a>\t\t<a id=\"sendbtn\" href=\"https:\/\/web.whatsapp.com\/send?phone=5551994554334&text=Ol%C3%A1%2C%20quero%20comprar%0D%0A%0D%0A%2AABRIDOR%20DE%20PNEUS%20PNEUM%C3%81TICO%20LINHA%20LEVE%20E%20INTERMEDI%C3%81RIA%2A%0A%2AURL%3A%2A%20https%3A%2F%2Floopindustrial.com.br%2Findex.php%2Fproduto%2Fabridor-de-pneus-pneumatico%2F%0D%0A%0D%0AObrigado&app_absent=0\" title=\"Complete order on WhatsApp to buy ABRIDOR DE PNEUS PNEUM\u00c1TICO LINHA LEVE E INTERMEDI\u00c1RIA\" target=\"\" class=\"button add_to_cart_button wa-shop-button product_type_simple\">\r\n\t\t\tPe\u00e7a via Whatsapp\t\t<\/a>\r\n\t<\/li>\n<li class=\"product type-product post-306 status-publish last instock product_cat-borracharia shipping-taxable product-type-simple\">\n\t<a href=\"https:\/\/loopindustrial.com.br\/index.php\/produto\/vulcanizadora-para-cameras-de-ar\/\" class=\"woocommerce-LoopProduct-link woocommerce-loop-product__link\"><img loading=\"lazy\" decoding=\"async\" width=\"300\" height=\"300\" src=\"https:\/\/loopindustrial.com.br\/wp-content\/uploads\/woocommerce-placeholder-300x300.png\" class=\"woocommerce-placeholder wp-post-image\" alt=\"Conte\u00fado de marca\u00e7\u00e3o\" srcset=\"https:\/\/loopindustrial.com.br\/wp-content\/uploads\/woocommerce-placeholder-300x300.png 300w, https:\/\/loopindustrial.com.br\/wp-content\/uploads\/woocommerce-placeholder-100x100.png 100w, https:\/\/loopindustrial.com.br\/wp-content\/uploads\/woocommerce-placeholder-600x600.png 600w, https:\/\/loopindustrial.com.br\/wp-content\/uploads\/woocommerce-placeholder-1024x1024.png 1024w, https:\/\/loopindustrial.com.br\/wp-content\/uploads\/woocommerce-placeholder-150x150.png 150w, https:\/\/loopindustrial.com.br\/wp-content\/uploads\/woocommerce-placeholder-768x768.png 768w, https:\/\/loopindustrial.com.br\/wp-content\/uploads\/woocommerce-placeholder.png 1200w\" sizes=\"(max-width: 300px) 100vw, 300px\" \/><h2 class=\"woocommerce-loop-product__title\">VULCANIZADORA SARGENTO UNIVERSAL<\/h2>\n<\/a>\t\t<a id=\"sendbtn\" href=\"https:\/\/web.whatsapp.com\/send?phone=5551994554334&text=Ol%C3%A1%2C%20quero%20comprar%0D%0A%0D%0A%2AVULCANIZADORA%20SARGENTO%20UNIVERSAL%2A%0A%2AURL%3A%2A%20https%3A%2F%2Floopindustrial.com.br%2Findex.php%2Fproduto%2Fvulcanizadora-para-cameras-de-ar%2F%0D%0A%0D%0AObrigado&app_absent=0\" title=\"Complete order on WhatsApp to buy VULCANIZADORA SARGENTO UNIVERSAL\" target=\"\" class=\"button add_to_cart_button wa-shop-button product_type_simple\">\r\n\t\t\tPe\u00e7a via Whatsapp\t\t<\/a>\r\n\t<\/li>\n<li class=\"product type-product post-189 status-publish first instock product_cat-borracharia has-post-thumbnail shipping-taxable product-type-simple\">\n\t<a href=\"https:\/\/loopindustrial.com.br\/index.php\/produto\/retifica-pneumatica\/\" class=\"woocommerce-LoopProduct-link woocommerce-loop-product__link\"><img loading=\"lazy\" decoding=\"async\" width=\"300\" height=\"300\" src=\"https:\/\/loopindustrial.com.br\/wp-content\/uploads\/2024\/11\/Captura-de-tela-2024-11-22-142541-300x300.png\" class=\"attachment-woocommerce_thumbnail size-woocommerce_thumbnail\" alt=\"RET\u00cdFICA PNEUM\u00c1TICA\" srcset=\"https:\/\/loopindustrial.com.br\/wp-content\/uploads\/2024\/11\/Captura-de-tela-2024-11-22-142541-300x300.png 300w, https:\/\/loopindustrial.com.br\/wp-content\/uploads\/2024\/11\/Captura-de-tela-2024-11-22-142541-150x150.png 150w, https:\/\/loopindustrial.com.br\/wp-content\/uploads\/2024\/11\/Captura-de-tela-2024-11-22-142541-100x100.png 100w\" sizes=\"(max-width: 300px) 100vw, 300px\" \/><h2 class=\"woocommerce-loop-product__title\">RET\u00cdFICA PNEUM\u00c1TICA<\/h2>\n<\/a>\t\t<a id=\"sendbtn\" href=\"https:\/\/web.whatsapp.com\/send?phone=5551994554334&text=Ol%C3%A1%2C%20quero%20comprar%0D%0A%0D%0A%2ARET%C3%8DFICA%20PNEUM%C3%81TICA%2A%0A%2AURL%3A%2A%20https%3A%2F%2Floopindustrial.com.br%2Findex.php%2Fproduto%2Fretifica-pneumatica%2F%0D%0A%0D%0AObrigado&app_absent=0\" title=\"Complete order on WhatsApp to buy RET\u00cdFICA PNEUM\u00c1TICA\" target=\"\" class=\"button add_to_cart_button wa-shop-button product_type_simple\">\r\n\t\t\tPe\u00e7a via Whatsapp\t\t<\/a>\r\n\t<\/li>\n<\/ul>\n<\/div>\t\t\t\t<\/div>\n\t\t\t\t<\/div>\n\t\t\t\t\t<\/div>\n\t\t\t\t<\/div>\n\t\t\t\t<\/div>\n\t\t","protected":false},"excerpt":{"rendered":"","protected":false},"author":1,"featured_media":0,"parent":0,"menu_order":0,"comment_status":"closed","ping_status":"closed","template":"elementor_canvas","meta":{"footnotes":""},"class_list":["post-67","page","type-page","status-publish","hentry"],"_links":{"self":[{"href":"https:\/\/loopindustrial.com.br\/index.php\/wp-json\/wp\/v2\/pages\/67","targetHints":{"allow":["GET"]}}],"collection":[{"href":"https:\/\/loopindustrial.com.br\/index.php\/wp-json\/wp\/v2\/pages"}],"about":[{"href":"https:\/\/loopindustrial.com.br\/index.php\/wp-json\/wp\/v2\/types\/page"}],"author":[{"embeddable":true,"href":"https:\/\/loopindustrial.com.br\/index.php\/wp-json\/wp\/v2\/users\/1"}],"replies":[{"embeddable":true,"href":"https:\/\/loopindustrial.com.br\/index.php\/wp-json\/wp\/v2\/comments?post=67"}],"version-history":[{"count":19,"href":"https:\/\/loopindustrial.com.br\/index.php\/wp-json\/wp\/v2\/pages\/67\/revisions"}],"predecessor-version":[{"id":325,"href":"https:\/\/loopindustrial.com.br\/index.php\/wp-json\/wp\/v2\/pages\/67\/revisions\/325"}],"wp:attachment":[{"href":"https:\/\/loopindustrial.com.br\/index.php\/wp-json\/wp\/v2\/media?parent=67"}],"curies":[{"name":"wp","href":"https:\/\/api.w.org\/{rel}","templated":true}]}}